{"id":7695,"date":"2025-08-27T10:46:07","date_gmt":"2025-08-27T10:46:07","guid":{"rendered":"https:\/\/pedrous.com\/politique-de-confidentialite\/"},"modified":"2025-09-22T17:06:40","modified_gmt":"2025-09-22T17:06:40","slug":"politique-de-confidentialite","status":"publish","type":"page","link":"https:\/\/pedrous.com\/fr\/politique-de-confidentialite\/","title":{"rendered":"Politique de confidentialit\u00e9"},"content":{"rendered":"\t\t<div data-elementor-type=\"wp-page\" data-elementor-id=\"7695\" class=\"elementor elementor-7695 elementor-7062\" data-elementor-post-type=\"page\">\n\t\t\t\t<div class=\"elementor-element elementor-element-a096703 e-flex e-con-boxed e-con e-parent\" data-id=\"a096703\" data-element_type=\"container\" data-e-type=\"container\">\n\t\t\t\t\t<div class=\"e-con-inner\">\n\t\t\t\t<div class=\"elementor-element elementor-element-15c5dbf elementor-widget elementor-widget-heading\" data-id=\"15c5dbf\" data-element_type=\"widget\" data-e-type=\"widget\" data-widget_type=\"heading.default\">\n\t\t\t\t\t<h1 class=\"elementor-heading-title elementor-size-default\">Politique de confidentialit\u00e9<\/h1>\t\t\t\t<\/div>\n\t\t\t\t\t<\/div>\n\t\t\t\t<\/div>\n\t\t<div class=\"elementor-element elementor-element-f60912a e-flex e-con-boxed e-con e-parent\" data-id=\"f60912a\" data-element_type=\"container\" data-e-type=\"container\">\n\t\t\t\t\t<div class=\"e-con-inner\">\n\t\t\t\t<div class=\"elementor-element elementor-element-1cf7a85 elementor-widget elementor-widget-text-editor\" data-id=\"1cf7a85\" data-element_type=\"widget\" data-e-type=\"widget\" data-widget_type=\"text-editor.default\">\n\t\t\t\t\t\t\t\t\t<p>Chez <strong>Apartaments d&rsquo;Al\u00e7ada, S.L<\/strong> (ci-apr\u00e8s, <em>Agencia Pedrous<\/em>), nous nous engageons \u00e0 prot\u00e9ger la confidentialit\u00e9 de nos utilisateurs et clients. Cette politique de confidentialit\u00e9 explique comment nous recueillons, utilisons et prot\u00e9geons les informations personnelles que tu nous fournis via notre page web <strong><a href=\"http:\/\/www.pedrous.com\">www.pedrous.com<\/a><\/strong>, ainsi que par le biais des diff\u00e9rents moyens de contact disponibles. <\/p><ol><li><strong> Identit\u00e9 du responsable du traitement<\/strong><\/li><\/ol><ul><li style=\"list-style-type: none;\"><ul><li><strong>Raison sociale :<\/strong> Apartaments d&rsquo;Al\u00e7ada, S.L<\/li><li><strong>Nom commercial :<\/strong> Agencia Pedrous<\/li><li><strong>Adresse :<\/strong> Av. d&rsquo;Encamp, 33. AD200 Pas de la Casa. Principat d\u2019Andorra  <\/li><li><strong>NRT :<\/strong> L-715222-D<\/li><li><strong>Num\u00e9ro de commerce :<\/strong> 916135T<\/li><li><strong>T\u00e9l\u00e9phone :<\/strong> +376 855669<\/li><li><strong>Courriel :<\/strong> agencia-pedrous@andorra.ad<\/li><li><strong>Page web :<\/strong> <a href=\"http:\/\/www.pedrous.com\">www.pedrous.com<\/a><\/li><\/ul><\/li><\/ul><p> <\/p><ol start=\"2\"><li><strong> Donn\u00e9es personnelles que nous recueillons<\/strong><\/li><\/ol><p> Nous pouvons recueillir les informations suivantes lorsque tu interagis avec nous :<\/p><ul><li style=\"list-style-type: none;\"><ul><li>Donn\u00e9es d&rsquo;identification : nom, pr\u00e9nom, pi\u00e8ce d&rsquo;identit\u00e9.<\/li><li>Donn\u00e9es de contact : t\u00e9l\u00e9phone, courriel, adresse postale.<\/li><li>Donn\u00e9es de la r\u00e9servation : dates de s\u00e9jour, nombre de personnes, pr\u00e9f\u00e9rences.<\/li><li>Donn\u00e9es de navigation : adresse IP, cookies et autres identifiants num\u00e9riques.<\/li><\/ul><\/li><\/ul><ol start=\"3\"><li><strong> Finalit\u00e9 du traitement des donn\u00e9es<\/strong><\/li><\/ol><p> Les donn\u00e9es personnelles seront trait\u00e9es aux fins suivantes :<\/p><ul><li style=\"list-style-type: none;\"><ul><li>G\u00e9rer les r\u00e9servations et la prestation de nos services d&rsquo;h\u00e9bergement.<\/li><li>R\u00e9pondre aux questions et demandes d&rsquo;informations.<\/li><li>Envoyer des communications relatives \u00e0 ton s\u00e9jour ou aux services contract\u00e9s.<\/li><li>Respecter les obligations l\u00e9gales et fiscales.<\/li><li>Am\u00e9liorer l&rsquo;exp\u00e9rience de navigation sur notre page web.7<\/li><\/ul><\/li><\/ul><ol start=\"4\"><li><strong> L\u00e9gitimation du traitement<\/strong><\/li><\/ol><p> Le traitement de tes donn\u00e9es est r\u00e9alis\u00e9 sur la base de :<\/p><ul><li style=\"list-style-type: none;\"><ul><li>L&rsquo;ex\u00e9cution d&rsquo;un contrat ou l&rsquo;application de mesures pr\u00e9contractuelles.<\/li><li>Le respect des obligations l\u00e9gales applicables.<\/li><li>Ton consentement expr\u00e8s pour l&rsquo;envoi de communications commerciales ou l&rsquo;acceptation de cookies.<\/li><\/ul><\/li><\/ul><ol start=\"5\"><li><strong> Conservation des donn\u00e9es<\/strong><\/li><\/ol><p> Les donn\u00e9es personnelles seront conserv\u00e9es pendant la dur\u00e9e n\u00e9cessaire pour atteindre la finalit\u00e9 pour laquelle elles ont \u00e9t\u00e9 collect\u00e9es et, par la suite, pendant les d\u00e9lais l\u00e9gaux \u00e9tablis.<\/p><ol start=\"6\"><li><strong> Communication de donn\u00e9es \u00e0 des tiers<\/strong><\/li><\/ol><p> Tes donn\u00e9es pourront \u00eatre communiqu\u00e9es \u00e0 :<\/p><ul><li style=\"list-style-type: none;\"><ul><li>Administrations publiques, lorsqu&rsquo;il existe une obligation l\u00e9gale.<\/li><li>Fournisseurs qui prestent des services n\u00e9cessaires \u00e0 la gestion des r\u00e9servations et au fonctionnement du site web (p. ex. passerelles de paiement, h\u00e9bergement, support technique).<br>En aucun cas, tes donn\u00e9es ne seront vendues ni c\u00e9d\u00e9es \u00e0 des tiers \u00e0 des fins commerciales sans ton consentement expr\u00e8s.<\/li><\/ul><\/li><\/ul><ol start=\"7\"><li><strong> Droits des utilisateurs<\/strong><\/li><\/ol><p> Tu as le droit de :<\/p><ul><li style=\"list-style-type: none;\"><ul><li>Acc\u00e9der \u00e0 tes donn\u00e9es personnelles.<\/li><li>Rectifier les donn\u00e9es inexactes.<\/li><li>Demander la suppression de tes donn\u00e9es lorsqu&rsquo;elles ne sont plus n\u00e9cessaires.<\/li><li>Limiter ou t&rsquo;opposer au traitement de tes donn\u00e9es.<\/li><li>Demander la portabilit\u00e9 de tes donn\u00e9es \u00e0 un autre fournisseur de services.<\/li><\/ul><\/li><\/ul><p> Pour exercer ces droits, tu peux envoyer une demande \u00e9crite accompagn\u00e9e d&rsquo;une copie de ta pi\u00e8ce d&rsquo;identit\u00e9 \u00e0 : <strong>agencia-pedrous@andorra.ad<\/strong><\/p><ol start=\"8\"><li><strong> S\u00e9curit\u00e9 des donn\u00e9es<\/strong><\/li><\/ol><p> Nous adoptons les mesures techniques et organisationnelles n\u00e9cessaires pour garantir la s\u00e9curit\u00e9 de l&rsquo;information et \u00e9viter son alt\u00e9ration, sa perte, son traitement ou son acc\u00e8s non autoris\u00e9.<\/p><ol start=\"9\"><li><strong> Politique de cookies<\/strong><\/li><\/ol><p> Notre site web utilise des cookies propres et de tiers \u00e0 des fins techniques, statistiques et d&rsquo;am\u00e9lioration de l&rsquo;exp\u00e9rience utilisateur. Tu peux configurer ou refuser l&rsquo;utilisation de cookies via les param\u00e8tres de ton navigateur. <\/p><ol start=\"10\"><li><strong> Modifications de la politique de confidentialit\u00e9<\/strong><\/li><\/ol><p> Agencia Pedrous se r\u00e9serve le droit de modifier la pr\u00e9sente politique de confidentialit\u00e9 \u00e0 tout moment, afin de l&rsquo;adapter aux nouveaut\u00e9s l\u00e9gislatives ou aux am\u00e9liorations internes. Nous te recommandons de la consulter r\u00e9guli\u00e8rement. <\/p>\t\t\t\t\t\t\t\t<\/div>\n\t\t\t\t\t<\/div>\n\t\t\t\t<\/div>\n\t\t\t\t<\/div>\n\t\t","protected":false},"excerpt":{"rendered":"<p>Politique de confidentialit\u00e9 Chez Apartaments d&rsquo;Al\u00e7ada, S.L (ci-apr\u00e8s, Agencia Pedrous), nous nous engageons \u00e0 prot\u00e9ger la confidentialit\u00e9 de nos utilisateurs et clients. Cette politique de confidentialit\u00e9 explique comment nous recueillons, utilisons et prot\u00e9geons les informations personnelles que tu nous fournis via notre page web www.pedrous.com, ainsi que par le biais des diff\u00e9rents moyens de contact [&hellip;]<\/p>\n","protected":false},"author":1,"featured_media":0,"parent":0,"menu_order":0,"comment_status":"closed","ping_status":"closed","template":"","meta":{"footnotes":""},"class_list":["post-7695","page","type-page","status-publish","hentry"],"_hostinger_reach_plugin_has_subscription_block":false,"_hostinger_reach_plugin_is_elementor":false,"_links":{"self":[{"href":"https:\/\/pedrous.com\/fr\/wp-json\/wp\/v2\/pages\/7695","targetHints":{"allow":["GET"]}}],"collection":[{"href":"https:\/\/pedrous.com\/fr\/wp-json\/wp\/v2\/pages"}],"about":[{"href":"https:\/\/pedrous.com\/fr\/wp-json\/wp\/v2\/types\/page"}],"author":[{"embeddable":true,"href":"https:\/\/pedrous.com\/fr\/wp-json\/wp\/v2\/users\/1"}],"replies":[{"embeddable":true,"href":"https:\/\/pedrous.com\/fr\/wp-json\/wp\/v2\/comments?post=7695"}],"version-history":[{"count":1,"href":"https:\/\/pedrous.com\/fr\/wp-json\/wp\/v2\/pages\/7695\/revisions"}],"predecessor-version":[{"id":7697,"href":"https:\/\/pedrous.com\/fr\/wp-json\/wp\/v2\/pages\/7695\/revisions\/7697"}],"wp:attachment":[{"href":"https:\/\/pedrous.com\/fr\/wp-json\/wp\/v2\/media?parent=7695"}],"curies":[{"name":"wp","href":"https:\/\/api.w.org\/{rel}","templated":true}]}}