{"id":7691,"date":"2025-08-27T10:30:23","date_gmt":"2025-08-27T10:30:23","guid":{"rendered":"https:\/\/pedrous.com\/conditions-de-location\/"},"modified":"2025-09-22T17:06:33","modified_gmt":"2025-09-22T17:06:33","slug":"conditions-de-location","status":"publish","type":"page","link":"https:\/\/pedrous.com\/fr\/conditions-de-location\/","title":{"rendered":"Conditions de location"},"content":{"rendered":"\t\t<div data-elementor-type=\"wp-page\" data-elementor-id=\"7691\" class=\"elementor elementor-7691 elementor-7032\" data-elementor-post-type=\"page\">\n\t\t\t\t<div class=\"elementor-element elementor-element-a096703 e-flex e-con-boxed e-con e-parent\" data-id=\"a096703\" data-element_type=\"container\" data-e-type=\"container\">\n\t\t\t\t\t<div class=\"e-con-inner\">\n\t\t\t\t<div class=\"elementor-element elementor-element-15c5dbf elementor-widget elementor-widget-heading\" data-id=\"15c5dbf\" data-element_type=\"widget\" data-e-type=\"widget\" data-widget_type=\"heading.default\">\n\t\t\t\t\t<h2 class=\"elementor-heading-title elementor-size-default\">Conditions de location<\/h2>\t\t\t\t<\/div>\n\t\t\t\t\t<\/div>\n\t\t\t\t<\/div>\n\t\t<div class=\"elementor-element elementor-element-f60912a e-flex e-con-boxed e-con e-parent\" data-id=\"f60912a\" data-element_type=\"container\" data-e-type=\"container\">\n\t\t\t\t\t<div class=\"e-con-inner\">\n\t\t\t\t<div class=\"elementor-element elementor-element-1cf7a85 elementor-widget elementor-widget-text-editor\" data-id=\"1cf7a85\" data-element_type=\"widget\" data-e-type=\"widget\" data-widget_type=\"text-editor.default\">\n\t\t\t\t\t\t\t\t\t<p data-start=\"77\" data-end=\"133\"> <\/p><ol data-start=\"135\" data-end=\"897\"><li data-start=\"135\" data-end=\"386\"><p data-start=\"138\" data-end=\"386\"><strong data-start=\"138\" data-end=\"163\">L\u00e9gislation applicable<\/strong><br data-start=\"163\" data-end=\"166\">Le pr\u00e9sent contrat de location touristique est r\u00e9gi int\u00e9gralement par la l\u00e9gislation en vigueur dans la Principaut\u00e9 d&rsquo;Andorre, ainsi que par les normes et dispositions sp\u00e9cifiques qui r\u00e9gissent les appartements \u00e0 usage touristique.<\/p><\/li><li data-start=\"388\" data-end=\"624\"><p data-start=\"391\" data-end=\"624\"><strong data-start=\"391\" data-end=\"418\">Dur\u00e9e du s\u00e9jour<\/strong><br data-start=\"418\" data-end=\"421\">La dur\u00e9e de la location sera celle convenue dans la r\u00e9servation, sans possibilit\u00e9 de prolongation automatique. Toute prolongation devra \u00eatre demand\u00e9e express\u00e9ment et sera soumise \u00e0 la disponibilit\u00e9 de l&rsquo;appartement. <\/p><\/li><li data-start=\"626\" data-end=\"852\"><p data-start=\"629\" data-end=\"852\"><strong data-start=\"629\" data-end=\"652\">Nombre d&rsquo;occupants<\/strong><br data-start=\"652\" data-end=\"655\">L&rsquo;appartement ne pourra \u00eatre occup\u00e9 que par le nombre maximum de personnes indiqu\u00e9 dans la r\u00e9servation. Il est interdit d&rsquo;h\u00e9berger plus de personnes que le nombre autoris\u00e9 sans l&rsquo;accord expr\u00e8s de la propri\u00e9t\u00e9. <\/p><\/li><li data-start=\"854\" data-end=\"897\"><p data-start=\"857\" data-end=\"897\"><strong data-start=\"857\" data-end=\"895\">Services inclus et non inclus<\/strong><\/p><\/li><\/ol><ul data-start=\"898\" data-end=\"1292\"><li data-start=\"898\" data-end=\"1060\"><p data-start=\"900\" data-end=\"1060\">Le prix de la location comprend : l&rsquo;utilisation de l&rsquo;appartement meubl\u00e9, les draps, les serviettes, la fourniture d&rsquo;eau, d&rsquo;\u00e9lectricit\u00e9, de chauffage et d&rsquo;internet (le cas \u00e9ch\u00e9ant).<\/p><\/li><li data-start=\"1061\" data-end=\"1292\"><p data-start=\"1063\" data-end=\"1292\">Le nettoyage n&rsquo;est pas inclus dans le prix de la location. Le locataire devra rendre l&rsquo;appartement dans un \u00e9tat raisonnable d&rsquo;ordre et de propret\u00e9. Dans le cas contraire, des frais suppl\u00e9mentaires pourront \u00eatre appliqu\u00e9s pour un nettoyage exceptionnel.  <\/p><\/li><\/ul><ol start=\"5\" data-start=\"1294\" data-end=\"1489\"><li data-start=\"1294\" data-end=\"1465\"><p data-start=\"1297\" data-end=\"1465\"><strong data-start=\"1297\" data-end=\"1321\">D\u00e9p\u00f4t de garantie<\/strong><br data-start=\"1321\" data-end=\"1324\">Un d\u00e9p\u00f4t de garantie pourra \u00eatre exig\u00e9 au d\u00e9but du s\u00e9jour, lequel sera restitu\u00e9 une fois v\u00e9rifi\u00e9 le bon \u00e9tat de l&rsquo;appartement.<\/p><\/li><li data-start=\"1467\" data-end=\"1489\"><p data-start=\"1470\" data-end=\"1489\"><strong data-start=\"1470\" data-end=\"1487\">R\u00e8gles d&rsquo;utilisation<\/strong><\/p><\/li><\/ol><ul data-start=\"1490\" data-end=\"1745\"><li data-start=\"1490\" data-end=\"1538\"><p data-start=\"1492\" data-end=\"1538\">Il est interdit de fumer \u00e0 l&rsquo;int\u00e9rieur de l&rsquo;appartement.<\/p><\/li><li data-start=\"1539\" data-end=\"1649\"><p data-start=\"1541\" data-end=\"1649\">Les f\u00eates, les activit\u00e9s illicites et les comportements susceptibles de causer des nuisances au voisinage ne sont pas autoris\u00e9s.<\/p><\/li><li data-start=\"1650\" data-end=\"1745\"><p data-start=\"1652\" data-end=\"1745\">Le locataire sera responsable des dommages occasionn\u00e9s par une mauvaise utilisation des installations.<\/p><\/li><\/ul><ol start=\"7\" data-start=\"1747\" data-end=\"1929\"><li data-start=\"1747\" data-end=\"1929\"><p data-start=\"1750\" data-end=\"1929\"><strong data-start=\"1750\" data-end=\"1775\">R\u00e9siliation anticip\u00e9e<\/strong><br data-start=\"1775\" data-end=\"1778\">Le non-respect de l&rsquo;une quelconque des obligations \u00e9tablies ici pourra entra\u00eener la r\u00e9siliation anticip\u00e9e du contrat, sans droit \u00e0 remboursement.<\/p><\/li><\/ol>\t\t\t\t\t\t\t\t<\/div>\n\t\t\t\t\t<\/div>\n\t\t\t\t<\/div>\n\t\t\t\t<\/div>\n\t\t","protected":false},"excerpt":{"rendered":"<p>Conditions de location L\u00e9gislation applicableLe pr\u00e9sent contrat de location touristique est r\u00e9gi int\u00e9gralement par la l\u00e9gislation en vigueur dans la Principaut\u00e9 d&rsquo;Andorre, ainsi que par les normes et dispositions sp\u00e9cifiques qui r\u00e9gissent les appartements \u00e0 usage touristique. Dur\u00e9e du s\u00e9jourLa dur\u00e9e de la location sera celle convenue dans la r\u00e9servation, sans possibilit\u00e9 de prolongation automatique. [&hellip;]<\/p>\n","protected":false},"author":1,"featured_media":0,"parent":0,"menu_order":0,"comment_status":"closed","ping_status":"closed","template":"","meta":{"footnotes":""},"class_list":["post-7691","page","type-page","status-publish","hentry"],"_hostinger_reach_plugin_has_subscription_block":false,"_hostinger_reach_plugin_is_elementor":false,"_links":{"self":[{"href":"https:\/\/pedrous.com\/fr\/wp-json\/wp\/v2\/pages\/7691","targetHints":{"allow":["GET"]}}],"collection":[{"href":"https:\/\/pedrous.com\/fr\/wp-json\/wp\/v2\/pages"}],"about":[{"href":"https:\/\/pedrous.com\/fr\/wp-json\/wp\/v2\/types\/page"}],"author":[{"embeddable":true,"href":"https:\/\/pedrous.com\/fr\/wp-json\/wp\/v2\/users\/1"}],"replies":[{"embeddable":true,"href":"https:\/\/pedrous.com\/fr\/wp-json\/wp\/v2\/comments?post=7691"}],"version-history":[{"count":1,"href":"https:\/\/pedrous.com\/fr\/wp-json\/wp\/v2\/pages\/7691\/revisions"}],"predecessor-version":[{"id":7693,"href":"https:\/\/pedrous.com\/fr\/wp-json\/wp\/v2\/pages\/7691\/revisions\/7693"}],"wp:attachment":[{"href":"https:\/\/pedrous.com\/fr\/wp-json\/wp\/v2\/media?parent=7691"}],"curies":[{"name":"wp","href":"https:\/\/api.w.org\/{rel}","templated":true}]}}