{"id":7698,"date":"2025-08-27T10:46:07","date_gmt":"2025-08-27T10:46:07","guid":{"rendered":"https:\/\/pedrous.com\/politica-de-privacitat\/"},"modified":"2025-09-22T17:06:48","modified_gmt":"2025-09-22T17:06:48","slug":"politica-de-privacitat","status":"publish","type":"page","link":"https:\/\/pedrous.com\/ca\/politica-de-privacitat\/","title":{"rendered":"Pol\u00edtica de Privacitat"},"content":{"rendered":"\t\t<div data-elementor-type=\"wp-page\" data-elementor-id=\"7698\" class=\"elementor elementor-7698 elementor-7062\" data-elementor-post-type=\"page\">\n\t\t\t\t<div class=\"elementor-element elementor-element-a096703 e-flex e-con-boxed e-con e-parent\" data-id=\"a096703\" data-element_type=\"container\" data-e-type=\"container\">\n\t\t\t\t\t<div class=\"e-con-inner\">\n\t\t\t\t<div class=\"elementor-element elementor-element-15c5dbf elementor-widget elementor-widget-heading\" data-id=\"15c5dbf\" data-element_type=\"widget\" data-e-type=\"widget\" data-widget_type=\"heading.default\">\n\t\t\t\t\t<h1 class=\"elementor-heading-title elementor-size-default\">Pol\u00edtica de Privacitat<\/h1>\t\t\t\t<\/div>\n\t\t\t\t\t<\/div>\n\t\t\t\t<\/div>\n\t\t<div class=\"elementor-element elementor-element-f60912a e-flex e-con-boxed e-con e-parent\" data-id=\"f60912a\" data-element_type=\"container\" data-e-type=\"container\">\n\t\t\t\t\t<div class=\"e-con-inner\">\n\t\t\t\t<div class=\"elementor-element elementor-element-1cf7a85 elementor-widget elementor-widget-text-editor\" data-id=\"1cf7a85\" data-element_type=\"widget\" data-e-type=\"widget\" data-widget_type=\"text-editor.default\">\n\t\t\t\t\t\t\t\t\t<p>A <strong>Apartaments d&#8217;Al\u00e7ada, S.L<\/strong> (d&#8217;ara endavant, <em>Ag\u00e8ncia Pedrous<\/em>), ens comprometem a protegir la privacitat dels nostres usuaris i clients. Aquesta Pol\u00edtica de Privacitat explica com recopilem, utilitzem i protegim la informaci\u00f3 personal que ens facilitis a trav\u00e9s de la nostra p\u00e0gina web <strong><a href=\"http:\/\/www.pedrous.com\">www.pedrous.com<\/a><\/strong>, aix\u00ed com a trav\u00e9s dels diferents mitjans de contacte disponibles. <\/p><ol><li><strong> Identitat del responsable del tractament<\/strong><\/li><\/ol><ul><li style=\"list-style-type: none;\"><ul><li><strong>Ra\u00f3 social:<\/strong> Apartaments d&#8217;Al\u00e7ada, S.L<\/li><li><strong>Nom comercial:<\/strong> Ag\u00e8ncia Pedrous<\/li><li><strong>Adre\u00e7a:<\/strong> Av. d&#8217;Encamp, 33. AD200 Pas de la Casa. Principat d&#8217;Andorra  <\/li><li><strong>NRT:<\/strong> L-715222-D<\/li><li><strong>N\u00famero de Comer\u00e7: <\/strong>916135T<\/li><li><strong>Tel\u00e8fon:<\/strong> +376 855669<\/li><li><strong>Correu electr\u00f2nic:<\/strong> agencia-pedrous@andorra.ad<\/li><li><strong>P\u00e0gina web:<\/strong> <a href=\"http:\/\/www.pedrous.com\">www.pedrous.com<\/a><\/li><\/ul><\/li><\/ul><p> <\/p><ol start=\"2\"><li><strong> Dades personals que recopilem<\/strong><\/li><\/ol><p> Podem recopilar la seg\u00fcent informaci\u00f3 quan interactues amb nosaltres:<\/p><ul><li style=\"list-style-type: none;\"><ul><li>Dades d&#8217;identificaci\u00f3: nom, cognoms, document d&#8217;identitat.<\/li><li>Dades de contacte: tel\u00e8fon, correu electr\u00f2nic, adre\u00e7a postal.<\/li><li>Dades de la reserva: dates d&#8217;estada, nombre d&#8217;hostes, prefer\u00e8ncies.<\/li><li>Dades de navegaci\u00f3: adre\u00e7a IP, cookies i altres identificadors digitals.<\/li><\/ul><\/li><\/ul><ol start=\"3\"><li><strong> Finalitat del tractament de les dades<\/strong><\/li><\/ol><p> Les dades personals seran tractades per a les seg\u00fcents finalitats:<\/p><ul><li style=\"list-style-type: none;\"><ul><li>Gestionar reserves i la prestaci\u00f3 dels nostres serveis d&#8217;allotjament.<\/li><li>Atendre consultes i sol\u00b7licituds d&#8217;informaci\u00f3.<\/li><li>Enviar comunicacions relacionades amb la teva estada o serveis contractats.<\/li><li>Complir amb obligacions legals i fiscals.<\/li><li>Millorar l&#8217;experi\u00e8ncia de navegaci\u00f3 a la nostra p\u00e0gina web.<\/li><\/ul><\/li><\/ul><ol start=\"4\"><li><strong> Legitimaci\u00f3 del tractament<\/strong><\/li><\/ol><p> El tractament de les teves dades es realitza en base a:<\/p><ul><li style=\"list-style-type: none;\"><ul><li>L&#8217;execuci\u00f3 d&#8217;un contracte o l&#8217;aplicaci\u00f3 de mesures precontractuals.<\/li><li>El compliment d&#8217;obligacions legals aplicables.<\/li><li>El teu consentiment expr\u00e9s per a l&#8217;enviament de comunicacions comercials o l&#8217;acceptaci\u00f3 de cookies.<\/li><\/ul><\/li><\/ul><ol start=\"5\"><li><strong> Conservaci\u00f3 de les dades<\/strong><\/li><\/ol><p> Les dades personals es conservaran durant el temps necessari per complir amb la finalitat per a la qual van ser recollides i, posteriorment, durant els terminis legals establerts.<\/p><ol start=\"6\"><li><strong> Comunicaci\u00f3 de dades a tercers<\/strong><\/li><\/ol><p> Les teves dades podran ser comunicades a:<\/p><ul><li style=\"list-style-type: none;\"><ul><li>Administracions p\u00fabliques, quan existeixi una obligaci\u00f3 legal.<\/li><li>Prove\u00efdors que presten serveis necessaris per a la gesti\u00f3 de reserves i funcionament del web (ex. passarel\u00b7les de pagament, hosting, suport t\u00e8cnic).<br>En cap cas es vendran ni es cediran les teves dades a tercers amb fins comercials sense el teu consentiment expr\u00e9s.<\/li><\/ul><\/li><\/ul><ol start=\"7\"><li><strong> Drets dels usuaris<\/strong><\/li><\/ol><p> Tens dret a:<\/p><ul><li style=\"list-style-type: none;\"><ul><li>Accedir a les teves dades personals.<\/li><li>Rectificar les dades inexactes.<\/li><li>Sol\u00b7licitar la supressi\u00f3 de les teves dades quan ja no siguin necess\u00e0ries.<\/li><li>Limitar o oposar-te al tractament de les teves dades.<\/li><li>Sol\u00b7licitar la portabilitat de les teves dades a un altre prove\u00efdor de serveis.<\/li><\/ul><\/li><\/ul><p> Per exercir aquests drets, pots enviar una sol\u00b7licitud escrita juntament amb una c\u00f2pia del teu document d&#8217;identitat a: <strong>agencia-pedrous@andorra.ad<\/strong><\/p><ol start=\"8\"><li><strong> Seguretat de les dades<\/strong><\/li><\/ol><p> Adoptem les mesures t\u00e8cniques i organitzatives necess\u00e0ries per garantir la seguretat de la informaci\u00f3 i evitar la seva alteraci\u00f3, p\u00e8rdua, tractament o acc\u00e9s no autoritzat.<\/p><ol start=\"9\"><li><strong> Pol\u00edtica de cookies<\/strong><\/li><\/ol><p> El nostre web utilitza cookies pr\u00f2pies i de tercers amb fins t\u00e8cnics, estad\u00edstics i de millora de l&#8217;experi\u00e8ncia de l&#8217;usuari. Pots configurar o rebutjar l&#8217;\u00fas de cookies a trav\u00e9s de la configuraci\u00f3 del teu navegador. <\/p><ol start=\"10\"><li><strong> Canvis en la pol\u00edtica de privacitat<\/strong><\/li><\/ol><p> Ag\u00e8ncia Pedrous es reserva el dret de modificar la present Pol\u00edtica de Privacitat en qualsevol moment, per adaptar-la a novetats legislatives o millores internes. Et recomanem revisar-la peri\u00f2dicament. <\/p>\t\t\t\t\t\t\t\t<\/div>\n\t\t\t\t\t<\/div>\n\t\t\t\t<\/div>\n\t\t\t\t<\/div>\n\t\t","protected":false},"excerpt":{"rendered":"<p>Pol\u00edtica de Privacitat A Apartaments d&#8217;Al\u00e7ada, S.L (d&#8217;ara endavant, Ag\u00e8ncia Pedrous), ens comprometem a protegir la privacitat dels nostres usuaris i clients. Aquesta Pol\u00edtica de Privacitat explica com recopilem, utilitzem i protegim la informaci\u00f3 personal que ens facilitis a trav\u00e9s de la nostra p\u00e0gina web www.pedrous.com, aix\u00ed com a trav\u00e9s dels diferents mitjans de contacte [&hellip;]<\/p>\n","protected":false},"author":1,"featured_media":0,"parent":0,"menu_order":0,"comment_status":"closed","ping_status":"closed","template":"","meta":{"footnotes":""},"class_list":["post-7698","page","type-page","status-publish","hentry"],"_hostinger_reach_plugin_has_subscription_block":false,"_hostinger_reach_plugin_is_elementor":false,"_links":{"self":[{"href":"https:\/\/pedrous.com\/ca\/wp-json\/wp\/v2\/pages\/7698","targetHints":{"allow":["GET"]}}],"collection":[{"href":"https:\/\/pedrous.com\/ca\/wp-json\/wp\/v2\/pages"}],"about":[{"href":"https:\/\/pedrous.com\/ca\/wp-json\/wp\/v2\/types\/page"}],"author":[{"embeddable":true,"href":"https:\/\/pedrous.com\/ca\/wp-json\/wp\/v2\/users\/1"}],"replies":[{"embeddable":true,"href":"https:\/\/pedrous.com\/ca\/wp-json\/wp\/v2\/comments?post=7698"}],"version-history":[{"count":1,"href":"https:\/\/pedrous.com\/ca\/wp-json\/wp\/v2\/pages\/7698\/revisions"}],"predecessor-version":[{"id":7699,"href":"https:\/\/pedrous.com\/ca\/wp-json\/wp\/v2\/pages\/7698\/revisions\/7699"}],"wp:attachment":[{"href":"https:\/\/pedrous.com\/ca\/wp-json\/wp\/v2\/media?parent=7698"}],"curies":[{"name":"wp","href":"https:\/\/api.w.org\/{rel}","templated":true}]}}