{"id":7690,"date":"2025-08-27T10:30:23","date_gmt":"2025-08-27T10:30:23","guid":{"rendered":"https:\/\/pedrous.com\/condicions-de-lloguer\/"},"modified":"2025-09-22T17:06:33","modified_gmt":"2025-09-22T17:06:33","slug":"condicions-de-lloguer","status":"publish","type":"page","link":"https:\/\/pedrous.com\/ca\/condicions-de-lloguer\/","title":{"rendered":"Condicions de Lloguer"},"content":{"rendered":"\t\t<div data-elementor-type=\"wp-page\" data-elementor-id=\"7690\" class=\"elementor elementor-7690 elementor-7032\" data-elementor-post-type=\"page\">\n\t\t\t\t<div class=\"elementor-element elementor-element-a096703 e-flex e-con-boxed e-con e-parent\" data-id=\"a096703\" data-element_type=\"container\" data-e-type=\"container\">\n\t\t\t\t\t<div class=\"e-con-inner\">\n\t\t\t\t<div class=\"elementor-element elementor-element-15c5dbf elementor-widget elementor-widget-heading\" data-id=\"15c5dbf\" data-element_type=\"widget\" data-e-type=\"widget\" data-widget_type=\"heading.default\">\n\t\t\t\t\t<h2 class=\"elementor-heading-title elementor-size-default\">Condicions de Lloguer<\/h2>\t\t\t\t<\/div>\n\t\t\t\t\t<\/div>\n\t\t\t\t<\/div>\n\t\t<div class=\"elementor-element elementor-element-f60912a e-flex e-con-boxed e-con e-parent\" data-id=\"f60912a\" data-element_type=\"container\" data-e-type=\"container\">\n\t\t\t\t\t<div class=\"e-con-inner\">\n\t\t\t\t<div class=\"elementor-element elementor-element-1cf7a85 elementor-widget elementor-widget-text-editor\" data-id=\"1cf7a85\" data-element_type=\"widget\" data-e-type=\"widget\" data-widget_type=\"text-editor.default\">\n\t\t\t\t\t\t\t\t\t<p data-start=\"77\" data-end=\"133\"> <\/p><ol data-start=\"135\" data-end=\"897\"><li data-start=\"135\" data-end=\"386\"><p data-start=\"138\" data-end=\"386\"><strong data-start=\"138\" data-end=\"163\">Legislaci\u00f3 aplicable<\/strong><br data-start=\"163\" data-end=\"166\">El present contracte de lloguer tur\u00edstic es regeix \u00edntegrament per la legislaci\u00f3 vigent al Principat d&#8217;Andorra, aix\u00ed com per les normes i disposicions espec\u00edfiques que regulen els apartaments d&#8217;\u00fas tur\u00edstic.<\/p><\/li><li data-start=\"388\" data-end=\"624\"><p data-start=\"391\" data-end=\"624\"><strong data-start=\"391\" data-end=\"418\">Durada de l&#8217;estada<\/strong><br data-start=\"418\" data-end=\"421\">La durada del lloguer ser\u00e0 la pactada en la reserva, sense possibilitat de pr\u00f2rroga autom\u00e0tica. Qualsevol ampliaci\u00f3 haur\u00e0 de sol\u00b7licitar-se expressament i estar\u00e0 subjecta a la disponibilitat de l&#8217;apartament. <\/p><\/li><li data-start=\"626\" data-end=\"852\"><p data-start=\"629\" data-end=\"852\"><strong data-start=\"629\" data-end=\"652\">Nombre d&#8217;ocupants<\/strong><br data-start=\"652\" data-end=\"655\">L&#8217;apartament nom\u00e9s podr\u00e0 ser ocupat pel nombre m\u00e0xim de persones indicat en la reserva. Est\u00e0 prohibit allotjar m\u00e9s hostes dels permesos sense el consentiment expr\u00e9s de la propietat. <\/p><\/li><li data-start=\"854\" data-end=\"897\"><p data-start=\"857\" data-end=\"897\"><strong data-start=\"857\" data-end=\"895\">Serveis inclosos i no inclosos<\/strong><\/p><\/li><\/ol><ul data-start=\"898\" data-end=\"1292\"><li data-start=\"898\" data-end=\"1060\"><p data-start=\"900\" data-end=\"1060\">El preu del lloguer inclou: \u00fas de l&#8217;apartament moblat, llen\u00e7ols, tovalloles, subministrament d&#8217;aigua, electricitat, calefacci\u00f3 i internet (quan s&#8217;indiqui).<\/p><\/li><li data-start=\"1061\" data-end=\"1292\"><p data-start=\"1063\" data-end=\"1292\">La neteja no est\u00e0 inclosa en el preu del lloguer. L&#8217;hoste haur\u00e0 de tornar l&#8217;apartament en condicions raonables d&#8217;ordre i neteja. En cas contrari, podr\u00e0 aplicar-se un c\u00e0rrec addicional per neteja extraordin\u00e0ria.  <\/p><\/li><\/ul><ol start=\"5\" data-start=\"1294\" data-end=\"1489\"><li data-start=\"1294\" data-end=\"1465\"><p data-start=\"1297\" data-end=\"1465\"><strong data-start=\"1297\" data-end=\"1321\">Dip\u00f2sit de garantia<\/strong><br data-start=\"1321\" data-end=\"1324\">Podr\u00e0 requerir-se un dip\u00f2sit de garantia a l&#8217;inici de l&#8217;estada, que ser\u00e0 retornat un cop verificat el correcte estat de l&#8217;apartament.<\/p><\/li><li data-start=\"1467\" data-end=\"1489\"><p data-start=\"1470\" data-end=\"1489\"><strong data-start=\"1470\" data-end=\"1487\">Normes d&#8217;\u00fas<\/strong><\/p><\/li><\/ol><ul data-start=\"1490\" data-end=\"1745\"><li data-start=\"1490\" data-end=\"1538\"><p data-start=\"1492\" data-end=\"1538\">Est\u00e0 prohibit fumar dins de l&#8217;apartament.<\/p><\/li><li data-start=\"1539\" data-end=\"1649\"><p data-start=\"1541\" data-end=\"1649\">No es permeten festes, activitats il\u00b7l\u00edcites ni comportaments que puguin causar mol\u00e8sties al ve\u00efnat.<\/p><\/li><li data-start=\"1650\" data-end=\"1745\"><p data-start=\"1652\" data-end=\"1745\">L&#8217;inquil\u00ed ser\u00e0 responsable dels danys ocasionats per un mal \u00fas de les instal\u00b7lacions.<\/p><\/li><\/ul><ol start=\"7\" data-start=\"1747\" data-end=\"1929\"><li data-start=\"1747\" data-end=\"1929\"><p data-start=\"1750\" data-end=\"1929\"><strong data-start=\"1750\" data-end=\"1775\">Resoluci\u00f3 anticipada<\/strong><br data-start=\"1775\" data-end=\"1778\">L&#8217;incompliment de qualsevol de les obligacions aqu\u00ed establertes podr\u00e0 ser causa de resoluci\u00f3 anticipada del contracte, sense dret a reemborsament.<\/p><\/li><\/ol>\t\t\t\t\t\t\t\t<\/div>\n\t\t\t\t\t<\/div>\n\t\t\t\t<\/div>\n\t\t\t\t<\/div>\n\t\t","protected":false},"excerpt":{"rendered":"<p>Condicions de Lloguer Legislaci\u00f3 aplicableEl present contracte de lloguer tur\u00edstic es regeix \u00edntegrament per la legislaci\u00f3 vigent al Principat d&#8217;Andorra, aix\u00ed com per les normes i disposicions espec\u00edfiques que regulen els apartaments d&#8217;\u00fas tur\u00edstic. Durada de l&#8217;estadaLa durada del lloguer ser\u00e0 la pactada en la reserva, sense possibilitat de pr\u00f2rroga autom\u00e0tica. Qualsevol ampliaci\u00f3 haur\u00e0 de [&hellip;]<\/p>\n","protected":false},"author":1,"featured_media":0,"parent":0,"menu_order":0,"comment_status":"closed","ping_status":"closed","template":"","meta":{"footnotes":""},"class_list":["post-7690","page","type-page","status-publish","hentry"],"_hostinger_reach_plugin_has_subscription_block":false,"_hostinger_reach_plugin_is_elementor":false,"_links":{"self":[{"href":"https:\/\/pedrous.com\/ca\/wp-json\/wp\/v2\/pages\/7690","targetHints":{"allow":["GET"]}}],"collection":[{"href":"https:\/\/pedrous.com\/ca\/wp-json\/wp\/v2\/pages"}],"about":[{"href":"https:\/\/pedrous.com\/ca\/wp-json\/wp\/v2\/types\/page"}],"author":[{"embeddable":true,"href":"https:\/\/pedrous.com\/ca\/wp-json\/wp\/v2\/users\/1"}],"replies":[{"embeddable":true,"href":"https:\/\/pedrous.com\/ca\/wp-json\/wp\/v2\/comments?post=7690"}],"version-history":[{"count":1,"href":"https:\/\/pedrous.com\/ca\/wp-json\/wp\/v2\/pages\/7690\/revisions"}],"predecessor-version":[{"id":7692,"href":"https:\/\/pedrous.com\/ca\/wp-json\/wp\/v2\/pages\/7690\/revisions\/7692"}],"wp:attachment":[{"href":"https:\/\/pedrous.com\/ca\/wp-json\/wp\/v2\/media?parent=7690"}],"curies":[{"name":"wp","href":"https:\/\/api.w.org\/{rel}","templated":true}]}}